{"id":22757,"date":"2025-05-04T10:03:23","date_gmt":"2025-05-04T08:03:23","guid":{"rendered":"https:\/\/dreiseelenkristall.de\/?page_id=22757"},"modified":"2025-05-04T11:31:31","modified_gmt":"2025-05-04T09:31:31","slug":"registration-for-restorative-yoga-training-2","status":"publish","type":"page","link":"https:\/\/dreiseelenkristall.de\/en\/registration-for-restorative-yoga-training-2","title":{"rendered":"Registration for Light &amp; Root\u2122 Yoga training"},"content":{"rendered":"\t\t<div data-elementor-type=\"wp-page\" data-elementor-id=\"22757\" class=\"elementor elementor-22757 elementor-22756\" data-elementor-post-type=\"page\">\n\t\t\t\t<div class=\"elementor-element elementor-element-a5ace3e e-flex e-con-boxed e-con e-parent\" data-id=\"a5ace3e\" data-element_type=\"container\" data-e-type=\"container\">\n\t\t\t\t\t<div class=\"e-con-inner\">\n\t\t\t\t<div class=\"elementor-element elementor-element-0d125a8 elementor-widget elementor-widget-spacer\" data-id=\"0d125a8\" data-element_type=\"widget\" data-e-type=\"widget\" data-widget_type=\"spacer.default\">\n\t\t\t\t<div class=\"elementor-widget-container\">\n\t\t\t\t\t\t\t<div class=\"elementor-spacer\">\n\t\t\t<div class=\"elementor-spacer-inner\"><\/div>\n\t\t<\/div>\n\t\t\t\t\t\t<\/div>\n\t\t\t\t<\/div>\n\t\t\t\t\t<\/div>\n\t\t\t\t<\/div>\n\t\t<div class=\"elementor-element elementor-element-dfc5c66 e-flex e-con-boxed e-con e-parent\" data-id=\"dfc5c66\" data-element_type=\"container\" data-e-type=\"container\" data-settings=\"{&quot;background_background&quot;:&quot;gradient&quot;}\">\n\t\t\t\t\t<div class=\"e-con-inner\">\n\t\t\t\t<div class=\"elementor-element elementor-element-9cb4b33 elementor-widget elementor-widget-heading\" data-id=\"9cb4b33\" data-element_type=\"widget\" data-e-type=\"widget\" data-widget_type=\"heading.default\">\n\t\t\t\t<div class=\"elementor-widget-container\">\n\t\t\t\t\t<h2 class=\"elementor-heading-title elementor-size-default\">Registration for Light &amp; Root\u2122 training<\/h2>\t\t\t\t<\/div>\n\t\t\t\t<\/div>\n\t\t\t\t\t<\/div>\n\t\t\t\t<\/div>\n\t\t<div class=\"elementor-element elementor-element-746f07c e-flex e-con-boxed e-con e-parent\" data-id=\"746f07c\" data-element_type=\"container\" data-e-type=\"container\" data-settings=\"{&quot;background_background&quot;:&quot;gradient&quot;}\">\n\t\t\t\t\t<div class=\"e-con-inner\">\n\t\t\t\t<div class=\"elementor-element elementor-element-9ea3874 elementor-button-align-stretch elementor-widget elementor-widget-form\" data-id=\"9ea3874\" data-element_type=\"widget\" data-e-type=\"widget\" data-settings=\"{&quot;step_next_label&quot;:&quot;Next&quot;,&quot;step_previous_label&quot;:&quot;Previous&quot;,&quot;button_width&quot;:&quot;100&quot;,&quot;step_type&quot;:&quot;number_text&quot;,&quot;step_icon_shape&quot;:&quot;circle&quot;}\" data-widget_type=\"form.default\">\n\t\t\t\t<div class=\"elementor-widget-container\">\n\t\t\t\t\t\t\t<form class=\"elementor-form\" method=\"post\" name=\"Light &amp; Root\u2122 Yoga Training\" aria-label=\"Light &amp; Root\u2122 Yoga Training\">\n\t\t\t<input type=\"hidden\" name=\"post_id\" value=\"22757\"\/>\n\t\t\t<input type=\"hidden\" name=\"form_id\" value=\"9ea3874\"\/>\n\t\t\t<input type=\"hidden\" name=\"referer_title\" value=\"Registration for Light &amp; Root\u2122 Yoga training - Dreiseelenkristall\" \/>\n\n\t\t\t\t\t\t\t<input type=\"hidden\" name=\"queried_id\" value=\"22757\"\/>\n\t\t\t\n\t\t\t<div class=\"elementor-form-fields-wrapper elementor-labels-above\">\n\t\t\t\t\t\t\t\t<div class=\"elementor-field-type-text elementor-field-group elementor-column elementor-field-group-name elementor-col-100 elementor-field-required elementor-mark-required\">\n\t\t\t\t\t\t\t\t\t\t\t\t<label for=\"form-field-name\" class=\"elementor-field-label\">\n\t\t\t\t\t\t\t\tName\t\t\t\t\t\t\t<\/label>\n\t\t\t\t\t\t\t\t\t\t\t\t\t\t<input size=\"1\" type=\"text\" name=\"form_fields[name]\" id=\"form-field-name\" class=\"elementor-field elementor-size-sm  elementor-field-textual\" placeholder=\"Name\" required=\"required\">\n\t\t\t\t\t\t\t\t\t\t\t<\/div>\n\t\t\t\t\t\t\t\t<div class=\"elementor-field-type-text elementor-field-group elementor-column elementor-field-group-field_9f1b048 elementor-col-100 elementor-field-required elementor-mark-required\">\n\t\t\t\t\t\t\t\t\t\t\t\t<label for=\"form-field-field_9f1b048\" class=\"elementor-field-label\">\n\t\t\t\t\t\t\t\tAddress (for invoicing)\t\t\t\t\t\t\t<\/label>\n\t\t\t\t\t\t\t\t\t\t\t\t\t\t<input size=\"1\" type=\"text\" name=\"form_fields[field_9f1b048]\" id=\"form-field-field_9f1b048\" class=\"elementor-field elementor-size-sm  elementor-field-textual\" placeholder=\"Address\" required=\"required\">\n\t\t\t\t\t\t\t\t\t\t\t<\/div>\n\t\t\t\t\t\t\t\t<div class=\"elementor-field-type-tel elementor-field-group elementor-column elementor-field-group-field_dc78bbd elementor-col-100\">\n\t\t\t\t\t\t\t\t\t\t\t\t<label for=\"form-field-field_dc78bbd\" class=\"elementor-field-label\">\n\t\t\t\t\t\t\t\tPhone number\t\t\t\t\t\t\t<\/label>\n\t\t\t\t\t\t\t\t<input size=\"1\" type=\"tel\" name=\"form_fields[field_dc78bbd]\" id=\"form-field-field_dc78bbd\" class=\"elementor-field elementor-size-sm  elementor-field-textual\" placeholder=\"Phone number\" pattern=\"[0-9()#&amp;+*-=.]+\" title=\"Only numbers and phone characters (#, -, *, etc) are accepted.\">\n\n\t\t\t\t\t\t<\/div>\n\t\t\t\t\t\t\t\t<div class=\"elementor-field-type-date elementor-field-group elementor-column elementor-field-group-field_6628a3a elementor-col-100\">\n\t\t\t\t\t\t\t\t\t\t\t\t<label for=\"form-field-field_6628a3a\" class=\"elementor-field-label\">\n\t\t\t\t\t\t\t\tDate of birth\t\t\t\t\t\t\t<\/label>\n\t\t\t\t\t\t\n\t\t<input type=\"date\" name=\"form_fields[field_6628a3a]\" id=\"form-field-field_6628a3a\" class=\"elementor-field elementor-size-sm  elementor-field-textual elementor-date-field\" placeholder=\"Date of birth\" pattern=\"[0-9]{4}-[0-9]{2}-[0-9]{2}\">\n\t\t\t\t\t\t<\/div>\n\t\t\t\t\t\t\t\t<div class=\"elementor-field-type-email elementor-field-group elementor-column elementor-field-group-email elementor-col-100 elementor-field-required elementor-mark-required\">\n\t\t\t\t\t\t\t\t\t\t\t\t<label for=\"form-field-email\" class=\"elementor-field-label\">\n\t\t\t\t\t\t\t\tE-mail\t\t\t\t\t\t\t<\/label>\n\t\t\t\t\t\t\t\t\t\t\t\t\t\t<input size=\"1\" type=\"email\" name=\"form_fields[email]\" id=\"form-field-email\" class=\"elementor-field elementor-size-sm  elementor-field-textual\" placeholder=\"E-mail\" required=\"required\">\n\t\t\t\t\t\t\t\t\t\t\t<\/div>\n\t\t\t\t\t\t\t\t<div class=\"elementor-field-type-textarea elementor-field-group elementor-column elementor-field-group-field_ca1fa6d elementor-col-100 elementor-field-required elementor-mark-required\">\n\t\t\t\t\t\t\t\t\t\t\t\t<label for=\"form-field-field_ca1fa6d\" class=\"elementor-field-label\">\n\t\t\t\t\t\t\t\tRemarks\/special features (e.g. physical limitations, allergies, medication etc.)\t\t\t\t\t\t\t<\/label>\n\t\t\t\t\t\t<textarea class=\"elementor-field-textual elementor-field  elementor-size-sm\" name=\"form_fields[field_ca1fa6d]\" id=\"form-field-field_ca1fa6d\" rows=\"4\" required=\"required\"><\/textarea>\t\t\t\t<\/div>\n\t\t\t\t\t\t\t\t<div class=\"elementor-field-type-select elementor-field-group elementor-column elementor-field-group-message elementor-col-100 elementor-field-required elementor-mark-required\">\n\t\t\t\t\t\t\t\t\t\t\t\t<label for=\"form-field-message\" class=\"elementor-field-label\">\n\t\t\t\t\t\t\t\tWe offer the following payment options\t\t\t\t\t\t\t<\/label>\n\t\t\t\t\t\t\t\t<div class=\"elementor-field elementor-select-wrapper remove-before \">\n\t\t\t<div class=\"select-caret-down-wrapper\">\n\t\t\t\t<i aria-hidden=\"true\" class=\"eicon-caret-down\"><\/i>\t\t\t<\/div>\n\t\t\t<select name=\"form_fields[message]\" id=\"form-field-message\" class=\"elementor-field-textual elementor-size-sm\" required=\"required\">\n\t\t\t\t\t\t\t\t\t<option value=\"One-off payment on account\">One-off payment on account<\/option>\n\t\t\t\t\t\t\t\t\t<option value=\"Payment in installments (fee: 2% of the total amount)\">Payment in installments (fee: 2% of the total amount)<\/option>\n\t\t\t\t\t\t\t<\/select>\n\t\t<\/div>\n\t\t\t\t\t\t<\/div>\n\t\t\t\t\t\t\t\t<div class=\"elementor-field-type-text elementor-field-group elementor-column elementor-field-group-field_563267a elementor-col-100\">\n\t\t\t\t\t\t\t\t\t\t\t\t<label for=\"form-field-field_563267a\" class=\"elementor-field-label\">\n\t\t\t\t\t\t\t\tFor payment in installments, please enter the number of installments\t\t\t\t\t\t\t<\/label>\n\t\t\t\t\t\t\t\t\t\t\t\t\t\t<input size=\"1\" type=\"text\" name=\"form_fields[field_563267a]\" id=\"form-field-field_563267a\" class=\"elementor-field elementor-size-sm  elementor-field-textual\" placeholder=\"Number of installments\">\n\t\t\t\t\t\t\t\t\t\t\t<\/div>\n\t\t\t\t\t\t\t\t<div class=\"elementor-field-type-acceptance elementor-field-group elementor-column elementor-field-group-field_3101049 elementor-col-100 elementor-field-required elementor-mark-required\">\n\t\t\t\t\t\t\t\t\t\t\t\t<label for=\"form-field-field_3101049\" class=\"elementor-field-label\">\n\t\t\t\t\t\t\t\tData protection declaration\t\t\t\t\t\t\t<\/label>\n\t\t\t\t\t\t\t\t<div class=\"elementor-field-subgroup\">\n\t\t\t<span class=\"elementor-field-option\">\n\t\t\t\t<input type=\"checkbox\" name=\"form_fields[field_3101049]\" id=\"form-field-field_3101049\" class=\"elementor-field elementor-size-sm  elementor-acceptance-field\" required=\"required\">\n\t\t\t\t<label for=\"form-field-field_3101049\">  I have taken note of the privacy policy and the general terms and conditions. I agree that my details and data will be collected electronically and stored by Dreiseelenkristall in order to answer my request. You can revoke your consent at any time for the future by sending an e-mail to info@dreiseelenkristall.com.<\/label>\t\t\t<\/span>\n\t\t<\/div>\n\t\t\t\t\t\t<\/div>\n\t\t\t\t\t\t\t\t<div class=\"elementor-field-group elementor-column elementor-field-type-submit elementor-col-100 e-form__buttons\">\n\t\t\t\t\t<button class=\"elementor-button elementor-size-sm\" type=\"submit\">\n\t\t\t\t\t\t<span class=\"elementor-button-content-wrapper\">\n\t\t\t\t\t\t\t\t\t\t\t\t\t\t\t\t\t\t\t\t\t\t<span class=\"elementor-button-text\">I am bindingly registering for the training<\/span>\n\t\t\t\t\t\t\t\t\t\t\t\t\t<\/span>\n\t\t\t\t\t<\/button>\n\t\t\t\t<\/div>\n\t\t\t<\/div>\n\t\t<\/form>\n\t\t\t\t\t\t<\/div>\n\t\t\t\t<\/div>\n\t\t\t\t\t<\/div>\n\t\t\t\t<\/div>\n\t\t<div class=\"elementor-element elementor-element-cba0fa7 e-flex e-con-boxed e-con e-parent\" data-id=\"cba0fa7\" data-element_type=\"container\" data-e-type=\"container\">\n\t\t\t\t\t<div class=\"e-con-inner\">\n\t\t\t\t<div class=\"elementor-element elementor-element-1f28c6e elementor-widget elementor-widget-text-editor\" data-id=\"1f28c6e\" data-element_type=\"widget\" data-e-type=\"widget\" data-widget_type=\"text-editor.default\">\n\t\t\t\t<div class=\"elementor-widget-container\">\n\t\t\t\t\t\t\t\t\t<h5><a href=\"https:\/\/dreiseelenkristall.de\/en\/privacy\">Privacy policy<\/a> and <a href=\"https:\/\/dreiseelenkristall.de\/en\/terms-of-business\">general terms and conditions<\/a><\/h5>\t\t\t\t\t\t\t\t<\/div>\n\t\t\t\t<\/div>\n\t\t\t\t\t<\/div>\n\t\t\t\t<\/div>\n\t\t\t\t<\/div>\n\t\t","protected":false},"excerpt":{"rendered":"<p>Registration for Light &amp; Root\u2122 training Privacy policy and general terms and conditions<\/p>\n","protected":false},"author":1,"featured_media":9884,"parent":0,"menu_order":0,"comment_status":"closed","ping_status":"closed","template":"","meta":{"_price":"","_stock":"","_tribe_ticket_header":"","_tribe_default_ticket_provider":"","_tribe_ticket_capacity":"0","_ticket_start_date":"","_ticket_end_date":"","_tribe_ticket_show_description":"","_tribe_ticket_show_not_going":false,"_tribe_ticket_use_global_stock":"","_tribe_ticket_global_stock_level":"","_global_stock_mode":"","_global_stock_cap":"","_tribe_rsvp_for_event":"","_tribe_ticket_going_count":"","_tribe_ticket_not_going_count":"","_tribe_tickets_list":"[]","_tribe_ticket_has_attendee_info_fields":false,"footnotes":"","_tec_slr_enabled":"","_tec_slr_layout":""},"class_list":["post-22757","page","type-page","status-publish","has-post-thumbnail","hentry"],"yoast_head":"<!-- This site is optimized with the Yoast SEO plugin v27.3 - https:\/\/yoast.com\/product\/yoast-seo-wordpress\/ -->\n<title>Registration for Light &amp; Root\u2122 Yoga training - Dreiseelenkristall<\/title>\n<meta name=\"description\" content=\"Here you can register for the Restorative Yoga Training 2026.\" \/>\n<meta name=\"robots\" content=\"index, follow, max-snippet:-1, max-image-preview:large, max-video-preview:-1\" \/>\n<link rel=\"canonical\" href=\"https:\/\/dreiseelenkristall.de\/en\/registration-for-restorative-yoga-training-2\" \/>\n<meta property=\"og:locale\" content=\"en_US\" \/>\n<meta property=\"og:type\" content=\"article\" \/>\n<meta property=\"og:title\" content=\"Registration for Light &amp; Root\u2122 Yoga training - Dreiseelenkristall\" \/>\n<meta property=\"og:description\" content=\"Here you can register for the Restorative Yoga Training 2026.\" \/>\n<meta property=\"og:url\" content=\"https:\/\/dreiseelenkristall.de\/en\/registration-for-restorative-yoga-training-2\" \/>\n<meta property=\"og:site_name\" content=\"Dreiseelenkristall\" \/>\n<meta property=\"article:publisher\" content=\"https:\/\/www.facebook.com\/dreiseelenkristall\" \/>\n<meta property=\"article:modified_time\" content=\"2025-05-04T09:31:31+00:00\" \/>\n<meta property=\"og:image\" content=\"https:\/\/dreiseelenkristall.de\/wp-content\/uploads\/2024\/04\/IMG_6326.jpg\" \/>\n\t<meta property=\"og:image:width\" content=\"1920\" \/>\n\t<meta property=\"og:image:height\" content=\"1440\" \/>\n\t<meta property=\"og:image:type\" content=\"image\/jpeg\" \/>\n<meta name=\"twitter:card\" content=\"summary_large_image\" \/>\n<script type=\"application\/ld+json\" class=\"yoast-schema-graph\">{\"@context\":\"https:\\\/\\\/schema.org\",\"@graph\":[{\"@type\":\"WebPage\",\"@id\":\"https:\\\/\\\/dreiseelenkristall.de\\\/en\\\/registration-for-restorative-yoga-training-2\",\"url\":\"https:\\\/\\\/dreiseelenkristall.de\\\/en\\\/registration-for-restorative-yoga-training-2\",\"name\":\"Registration for Light &amp; Root\u2122 Yoga training - Dreiseelenkristall\",\"isPartOf\":{\"@id\":\"https:\\\/\\\/dreiseelenkristall.de\\\/#website\"},\"primaryImageOfPage\":{\"@id\":\"https:\\\/\\\/dreiseelenkristall.de\\\/en\\\/registration-for-restorative-yoga-training-2#primaryimage\"},\"image\":{\"@id\":\"https:\\\/\\\/dreiseelenkristall.de\\\/en\\\/registration-for-restorative-yoga-training-2#primaryimage\"},\"thumbnailUrl\":\"https:\\\/\\\/dreiseelenkristall.de\\\/wp-content\\\/uploads\\\/2024\\\/04\\\/IMG_6326.jpg\",\"datePublished\":\"2025-05-04T08:03:23+00:00\",\"dateModified\":\"2025-05-04T09:31:31+00:00\",\"description\":\"Here you can register for the Restorative Yoga Training 2026.\",\"breadcrumb\":{\"@id\":\"https:\\\/\\\/dreiseelenkristall.de\\\/en\\\/registration-for-restorative-yoga-training-2#breadcrumb\"},\"inLanguage\":\"en-US\",\"potentialAction\":[{\"@type\":\"ReadAction\",\"target\":[\"https:\\\/\\\/dreiseelenkristall.de\\\/en\\\/registration-for-restorative-yoga-training-2\"]}]},{\"@type\":\"ImageObject\",\"inLanguage\":\"en-US\",\"@id\":\"https:\\\/\\\/dreiseelenkristall.de\\\/en\\\/registration-for-restorative-yoga-training-2#primaryimage\",\"url\":\"https:\\\/\\\/dreiseelenkristall.de\\\/wp-content\\\/uploads\\\/2024\\\/04\\\/IMG_6326.jpg\",\"contentUrl\":\"https:\\\/\\\/dreiseelenkristall.de\\\/wp-content\\\/uploads\\\/2024\\\/04\\\/IMG_6326.jpg\",\"width\":1920,\"height\":1440,\"caption\":\"Yogastudio mit vielen Matten\"},{\"@type\":\"BreadcrumbList\",\"@id\":\"https:\\\/\\\/dreiseelenkristall.de\\\/en\\\/registration-for-restorative-yoga-training-2#breadcrumb\",\"itemListElement\":[{\"@type\":\"ListItem\",\"position\":1,\"name\":\"Home\",\"item\":\"https:\\\/\\\/dreiseelenkristall.de\\\/\"},{\"@type\":\"ListItem\",\"position\":2,\"name\":\"Registration for Light &amp; Root\u2122 Yoga training\"}]},{\"@type\":\"WebSite\",\"@id\":\"https:\\\/\\\/dreiseelenkristall.de\\\/#website\",\"url\":\"https:\\\/\\\/dreiseelenkristall.de\\\/\",\"name\":\"Dreiseelenkristall\",\"description\":\"Atem - Bewegung - Gef\u00fchl\",\"publisher\":{\"@id\":\"https:\\\/\\\/dreiseelenkristall.de\\\/#\\\/schema\\\/person\\\/54af89e20cd06ae2d45393ba25675d40\"},\"potentialAction\":[{\"@type\":\"SearchAction\",\"target\":{\"@type\":\"EntryPoint\",\"urlTemplate\":\"https:\\\/\\\/dreiseelenkristall.de\\\/?s={search_term_string}\"},\"query-input\":{\"@type\":\"PropertyValueSpecification\",\"valueRequired\":true,\"valueName\":\"search_term_string\"}}],\"inLanguage\":\"en-US\"},{\"@type\":[\"Person\",\"Organization\"],\"@id\":\"https:\\\/\\\/dreiseelenkristall.de\\\/#\\\/schema\\\/person\\\/54af89e20cd06ae2d45393ba25675d40\",\"name\":\"TajShabad\",\"image\":{\"@type\":\"ImageObject\",\"inLanguage\":\"en-US\",\"@id\":\"https:\\\/\\\/dreiseelenkristall.de\\\/wp-content\\\/uploads\\\/2023\\\/08\\\/logo_small-1.png\",\"url\":\"https:\\\/\\\/dreiseelenkristall.de\\\/wp-content\\\/uploads\\\/2023\\\/08\\\/logo_small-1.png\",\"contentUrl\":\"https:\\\/\\\/dreiseelenkristall.de\\\/wp-content\\\/uploads\\\/2023\\\/08\\\/logo_small-1.png\",\"width\":500,\"height\":116,\"caption\":\"TajShabad\"},\"logo\":{\"@id\":\"https:\\\/\\\/dreiseelenkristall.de\\\/wp-content\\\/uploads\\\/2023\\\/08\\\/logo_small-1.png\"},\"description\":\"Taj Shabad ist Yogalehrerin und unterrichtet mehr als nur Gymnastik. Atem\u00fcbungen, Meditation und Asanas werden ganzheitlich praktiziert. Moderne Spiritualit\u00e4t steht auf Augenh\u00f6he mit den Asanas aus dem Hatha Yoga.\",\"sameAs\":[\"https:\\\/\\\/dreiseelenkristall.de\",\"https:\\\/\\\/www.facebook.com\\\/dreiseelenkristall\",\"https:\\\/\\\/www.instagram.com\\\/dreiseelenkristall\\\/\"]}]}<\/script>\n<!-- \/ Yoast SEO plugin. -->","yoast_head_json":{"title":"Registration for Light &amp; Root\u2122 Yoga training - Dreiseelenkristall","description":"Here you can register for the Restorative Yoga Training 2026.","robots":{"index":"index","follow":"follow","max-snippet":"max-snippet:-1","max-image-preview":"max-image-preview:large","max-video-preview":"max-video-preview:-1"},"canonical":"https:\/\/dreiseelenkristall.de\/en\/registration-for-restorative-yoga-training-2","og_locale":"en_US","og_type":"article","og_title":"Registration for Light &amp; Root\u2122 Yoga training - Dreiseelenkristall","og_description":"Here you can register for the Restorative Yoga Training 2026.","og_url":"https:\/\/dreiseelenkristall.de\/en\/registration-for-restorative-yoga-training-2","og_site_name":"Dreiseelenkristall","article_publisher":"https:\/\/www.facebook.com\/dreiseelenkristall","article_modified_time":"2025-05-04T09:31:31+00:00","og_image":[{"width":1920,"height":1440,"url":"https:\/\/dreiseelenkristall.de\/wp-content\/uploads\/2024\/04\/IMG_6326.jpg","type":"image\/jpeg"}],"twitter_card":"summary_large_image","schema":{"@context":"https:\/\/schema.org","@graph":[{"@type":"WebPage","@id":"https:\/\/dreiseelenkristall.de\/en\/registration-for-restorative-yoga-training-2","url":"https:\/\/dreiseelenkristall.de\/en\/registration-for-restorative-yoga-training-2","name":"Registration for Light &amp; Root\u2122 Yoga training - Dreiseelenkristall","isPartOf":{"@id":"https:\/\/dreiseelenkristall.de\/#website"},"primaryImageOfPage":{"@id":"https:\/\/dreiseelenkristall.de\/en\/registration-for-restorative-yoga-training-2#primaryimage"},"image":{"@id":"https:\/\/dreiseelenkristall.de\/en\/registration-for-restorative-yoga-training-2#primaryimage"},"thumbnailUrl":"https:\/\/dreiseelenkristall.de\/wp-content\/uploads\/2024\/04\/IMG_6326.jpg","datePublished":"2025-05-04T08:03:23+00:00","dateModified":"2025-05-04T09:31:31+00:00","description":"Here you can register for the Restorative Yoga Training 2026.","breadcrumb":{"@id":"https:\/\/dreiseelenkristall.de\/en\/registration-for-restorative-yoga-training-2#breadcrumb"},"inLanguage":"en-US","potentialAction":[{"@type":"ReadAction","target":["https:\/\/dreiseelenkristall.de\/en\/registration-for-restorative-yoga-training-2"]}]},{"@type":"ImageObject","inLanguage":"en-US","@id":"https:\/\/dreiseelenkristall.de\/en\/registration-for-restorative-yoga-training-2#primaryimage","url":"https:\/\/dreiseelenkristall.de\/wp-content\/uploads\/2024\/04\/IMG_6326.jpg","contentUrl":"https:\/\/dreiseelenkristall.de\/wp-content\/uploads\/2024\/04\/IMG_6326.jpg","width":1920,"height":1440,"caption":"Yogastudio mit vielen Matten"},{"@type":"BreadcrumbList","@id":"https:\/\/dreiseelenkristall.de\/en\/registration-for-restorative-yoga-training-2#breadcrumb","itemListElement":[{"@type":"ListItem","position":1,"name":"Home","item":"https:\/\/dreiseelenkristall.de\/"},{"@type":"ListItem","position":2,"name":"Registration for Light &amp; Root\u2122 Yoga training"}]},{"@type":"WebSite","@id":"https:\/\/dreiseelenkristall.de\/#website","url":"https:\/\/dreiseelenkristall.de\/","name":"Dreiseelenkristall","description":"Atem - Bewegung - Gef\u00fchl","publisher":{"@id":"https:\/\/dreiseelenkristall.de\/#\/schema\/person\/54af89e20cd06ae2d45393ba25675d40"},"potentialAction":[{"@type":"SearchAction","target":{"@type":"EntryPoint","urlTemplate":"https:\/\/dreiseelenkristall.de\/?s={search_term_string}"},"query-input":{"@type":"PropertyValueSpecification","valueRequired":true,"valueName":"search_term_string"}}],"inLanguage":"en-US"},{"@type":["Person","Organization"],"@id":"https:\/\/dreiseelenkristall.de\/#\/schema\/person\/54af89e20cd06ae2d45393ba25675d40","name":"TajShabad","image":{"@type":"ImageObject","inLanguage":"en-US","@id":"https:\/\/dreiseelenkristall.de\/wp-content\/uploads\/2023\/08\/logo_small-1.png","url":"https:\/\/dreiseelenkristall.de\/wp-content\/uploads\/2023\/08\/logo_small-1.png","contentUrl":"https:\/\/dreiseelenkristall.de\/wp-content\/uploads\/2023\/08\/logo_small-1.png","width":500,"height":116,"caption":"TajShabad"},"logo":{"@id":"https:\/\/dreiseelenkristall.de\/wp-content\/uploads\/2023\/08\/logo_small-1.png"},"description":"Taj Shabad ist Yogalehrerin und unterrichtet mehr als nur Gymnastik. Atem\u00fcbungen, Meditation und Asanas werden ganzheitlich praktiziert. Moderne Spiritualit\u00e4t steht auf Augenh\u00f6he mit den Asanas aus dem Hatha Yoga.","sameAs":["https:\/\/dreiseelenkristall.de","https:\/\/www.facebook.com\/dreiseelenkristall","https:\/\/www.instagram.com\/dreiseelenkristall\/"]}]}},"ticketed":false,"_links":{"self":[{"href":"https:\/\/dreiseelenkristall.de\/en\/wp-json\/wp\/v2\/pages\/22757","targetHints":{"allow":["GET"]}}],"collection":[{"href":"https:\/\/dreiseelenkristall.de\/en\/wp-json\/wp\/v2\/pages"}],"about":[{"href":"https:\/\/dreiseelenkristall.de\/en\/wp-json\/wp\/v2\/types\/page"}],"author":[{"embeddable":true,"href":"https:\/\/dreiseelenkristall.de\/en\/wp-json\/wp\/v2\/users\/1"}],"replies":[{"embeddable":true,"href":"https:\/\/dreiseelenkristall.de\/en\/wp-json\/wp\/v2\/comments?post=22757"}],"version-history":[{"count":4,"href":"https:\/\/dreiseelenkristall.de\/en\/wp-json\/wp\/v2\/pages\/22757\/revisions"}],"predecessor-version":[{"id":22848,"href":"https:\/\/dreiseelenkristall.de\/en\/wp-json\/wp\/v2\/pages\/22757\/revisions\/22848"}],"wp:featuredmedia":[{"embeddable":true,"href":"https:\/\/dreiseelenkristall.de\/en\/wp-json\/wp\/v2\/media\/9884"}],"wp:attachment":[{"href":"https:\/\/dreiseelenkristall.de\/en\/wp-json\/wp\/v2\/media?parent=22757"}],"curies":[{"name":"wp","href":"https:\/\/api.w.org\/{rel}","templated":true}]}}